{"id":6996,"date":"2020-05-08T08:44:29","date_gmt":"2020-05-08T08:44:29","guid":{"rendered":"https:\/\/www.pgplanning.es\/integracao-com-aplicacoes-api-restful\/"},"modified":"2026-02-09T08:18:50","modified_gmt":"2026-02-09T08:18:50","slug":"integracao-com-aplicacoes-rh","status":"publish","type":"page","link":"https:\/\/www.pgplanning.es\/pt-pt\/integracao-com-aplicacoes-rh\/","title":{"rendered":"Integra\u00e7\u00e3o com aplica\u00e7\u00f5es API RESTful"},"content":{"rendered":"<p><div class=\"fusion-fullwidth fullwidth-box fusion-builder-row-1 nonhundred-percent-fullwidth non-hundred-percent-height-scrolling\" style=\"--awb-border-radius-top-left:0px;--awb-border-radius-top-right:0px;--awb-border-radius-bottom-right:0px;--awb-border-radius-bottom-left:0px;--awb-flex-wrap:wrap;\" ><div class=\"fusion-builder-row fusion-row\"><div class=\"fusion-layout-column fusion_builder_column fusion-builder-column-0 fusion_builder_column_1_2 1_2 fusion-one-half fusion-column-first\" style=\"--awb-bg-size:cover;width:50%;width:calc(50% - ( ( 4% ) * 0.5 ) );margin-right: 4%;\"><div class=\"fusion-column-wrapper fusion-column-has-shadow fusion-flex-column-wrapper-legacy\"><div class=\"fusion-title title fusion-title-1 fusion-no-small-visibility fusion-no-medium-visibility fusion-sep-none fusion-title-text fusion-title-size-one\" style=\"--awb-text-color:#767575;--awb-margin-top-small:10px;--awb-margin-right-small:0px;--awb-margin-bottom-small:10px;--awb-margin-left-small:0px;--awb-font-size:60px;\"><h1 class=\"fusion-title-heading title-heading-left\" style=\"margin:0;font-size:1em;\"><p>Integra\u00e7\u00e3o<br \/>\ncom aplica\u00e7\u00f5es<br \/>\n<strong class=\"azul\">API RESTful<\/strong><\/p><\/h1><\/div><div class=\"fusion-title title fusion-title-2 fusion-no-large-visibility fusion-sep-none fusion-title-text fusion-title-size-two\" style=\"--awb-text-color:#767575;--awb-margin-top-small:10px;--awb-margin-right-small:0px;--awb-margin-bottom-small:10px;--awb-margin-left-small:0px;--awb-font-size:43px;\"><h2 class=\"fusion-title-heading title-heading-left\" style=\"margin:0;font-size:1em;\"><p>Integra\u00e7\u00e3o<br \/>\ncom aplica\u00e7\u00f5es<br \/>\n<strong class=\"azul\">API RESTful<\/strong><\/p><\/h2><\/div><div class=\"fusion-title title fusion-title-3 fusion-sep-none fusion-title-text fusion-title-size-two\" style=\"--awb-text-color:#b1b0b0;--awb-margin-top-small:10px;--awb-margin-right-small:0px;--awb-margin-bottom-small:10px;--awb-margin-left-small:0px;--awb-font-size:18px;\"><h2 class=\"fusion-title-heading title-heading-left\" style=\"margin:0;font-size:1em;\">Integra\u00e7\u00e3o de aplica\u00e7\u00f5es com o PGPlanning atrav\u00e9s da nossa API<\/h2><\/div><div class=\"fusion-clearfix\"><\/div><\/div><\/div><div class=\"fusion-layout-column fusion_builder_column fusion-builder-column-1 fusion_builder_column_1_2 1_2 fusion-one-half fusion-column-last\" style=\"--awb-bg-size:cover;width:50%;width:calc(50% - ( ( 4% ) * 0.5 ) );\"><div class=\"fusion-column-wrapper fusion-column-has-shadow fusion-flex-column-wrapper-legacy\"><div class=\"fusion-image-element in-legacy-container\" style=\"--awb-caption-title-font-family:var(--h2_typography-font-family);--awb-caption-title-font-weight:var(--h2_typography-font-weight);--awb-caption-title-font-style:var(--h2_typography-font-style);--awb-caption-title-size:var(--h2_typography-font-size);--awb-caption-title-transform:var(--h2_typography-text-transform);--awb-caption-title-line-height:var(--h2_typography-line-height);--awb-caption-title-letter-spacing:var(--h2_typography-letter-spacing);\"><span class=\" fusion-imageframe imageframe-none imageframe-1 hover-type-none\"><img decoding=\"async\" width=\"740\" height=\"375\" title=\"Integraci\u00f3n con aplicaciones api restful\" src=\"https:\/\/www.pgplanning.es\/wp-content\/uploads\/2020\/06\/integracion-con-aplicaciones-api-restful.jpg\" alt class=\"img-responsive wp-image-6260\" srcset=\"https:\/\/www.pgplanning.es\/wp-content\/uploads\/2020\/06\/integracion-con-aplicaciones-api-restful-200x101.jpg 200w, https:\/\/www.pgplanning.es\/wp-content\/uploads\/2020\/06\/integracion-con-aplicaciones-api-restful-400x203.jpg 400w, https:\/\/www.pgplanning.es\/wp-content\/uploads\/2020\/06\/integracion-con-aplicaciones-api-restful-600x304.jpg 600w, https:\/\/www.pgplanning.es\/wp-content\/uploads\/2020\/06\/integracion-con-aplicaciones-api-restful.jpg 740w\" sizes=\"(max-width: 800px) 100vw, 600px\" \/><\/span><\/div><div class=\"fusion-clearfix\"><\/div><\/div><\/div><\/div><\/div><div class=\"fusion-fullwidth fullwidth-box fusion-builder-row-2 nonhundred-percent-fullwidth non-hundred-percent-height-scrolling\" style=\"--awb-border-radius-top-left:0px;--awb-border-radius-top-right:0px;--awb-border-radius-bottom-right:0px;--awb-border-radius-bottom-left:0px;--awb-padding-top:30px;--awb-flex-wrap:wrap;\" ><div class=\"fusion-builder-row fusion-row\"><div class=\"fusion-layout-column fusion_builder_column fusion-builder-column-2 fusion_builder_column_1_1 1_1 fusion-one-full fusion-column-first fusion-column-last\" style=\"--awb-bg-size:cover;\"><div class=\"fusion-column-wrapper fusion-column-has-shadow fusion-flex-column-wrapper-legacy\"><div class=\"fusion-text fusion-text-1\"><p>O PGPlanning gera dados que precisam ser exportados para outros sistemas, normalmente sistemas de gest\u00e3o de sal\u00e1rios, sistemas de gest\u00e3o como ERP&#8217;s, sistemas de apoio \u00e0 decis\u00f5es ou dashboards (BI&#8217;s) ou outros. As empresas precisam de ferramentas e acessos para<strong> integrar aplica\u00e7\u00f5es <\/strong>e <strong>comunica\u00e7\u00f5es de dados din\u00e2micas para obter informa\u00e7\u00f5es em tempo real<\/strong>.<\/p>\n<p>Desta forma, para que isso seja poss\u00edvel, disponibilizamos a nossa API RESTful. Sendo um <em>software<\/em> cloud, \u00e9 a interface e o modelo mais utilizados. Esta API \u00e9 uma interface que permite consultas controladas, seguras e ordenadas \u00e0 base de dados com base em chamadas pr\u00e9-definidas e desenvolvidas pelo PGPlanning. Estas chamadas s\u00e3o constantemente desenvolvidas e mantidas, adaptando-se aos pedidos dos nossos clientes Desta forma, \u00e9 poss\u00edvel fazer estas integra\u00e7\u00f5es com outros <em>softwares<\/em> como <strong>Meta4, SAP HR, Success Factors, A3, Sage, Business Inteligence de Microsoft, etc.<\/strong><\/p>\n<p>Al\u00e9m disso, \u00e9 necess\u00e1rio e muito solicitado integrar a nossa aplica\u00e7\u00e3o com o <strong>Active Directory da Microsoft<\/strong> atrav\u00e9s do servi\u00e7o <strong>ADFS<\/strong>, que, claro, suportamos. Para mais informa\u00e7\u00f5es sobre este servi\u00e7o, deixamos esta entrada do nosso blog:<a href=\"https:\/\/www.pgplanning.es\/2020\/03\/26\/utiliza-aplicaciones-en-la-nube-con-tu-usuario-y-contrasena-corporativa-adfs\/\"><em><strong>Use aplica\u00e7\u00f5es na nuvem com o seu nome de utilizador e palavra-passe corporativos, servi\u00e7o ADFS.<\/strong><\/em><\/a><\/p>\n<\/div><div class=\"fusion-clearfix\"><\/div><\/div><\/div><div class=\"fusion-layout-column fusion_builder_column fusion-builder-column-3 fusion_builder_column_1_1 1_1 fusion-one-full fusion-column-first fusion-column-last\" style=\"--awb-bg-size:cover;\"><div class=\"fusion-column-wrapper fusion-column-has-shadow fusion-flex-column-wrapper-legacy\"><ul style=\"--awb-iconcolor:#028002;--awb-line-height:27.2px;--awb-icon-width:27.2px;--awb-icon-height:27.2px;--awb-icon-margin:11.2px;--awb-content-margin:38.4px;--awb-circlecolor:rgba(101,188,123,0);--awb-circle-yes-font-size:14.08px;\" class=\"fusion-checklist fusion-checklist-1 fusion-checklist-default type-icons\"><li class=\"fusion-li-item\" style=\"\"><span class=\"icon-wrapper circle-yes\"><i class=\"fusion-li-icon fa-check fas\" aria-hidden=\"true\"><\/i><\/span><div class=\"fusion-li-item-content\">\n<p><strong>Documenta\u00e7\u00e3o online atualizada<\/strong> a todo o momento para cada chamada.<\/p>\n<\/div><\/li><li class=\"fusion-li-item\" style=\"\"><span class=\"icon-wrapper circle-yes\"><i class=\"fusion-li-icon fa-check fas\" aria-hidden=\"true\"><\/i><\/span><div class=\"fusion-li-item-content\">\n<p><strong>P\u00e1gina de teste<\/strong> para fazer consultas e retorno de dados para testes.<\/p>\n<\/div><\/li><li class=\"fusion-li-item\" style=\"\"><span class=\"icon-wrapper circle-yes\"><i class=\"fusion-li-icon fa-check fas\" aria-hidden=\"true\"><\/i><\/span><div class=\"fusion-li-item-content\">\n<p><strong>Acesso seguro<\/strong> e individualizado por cliente.<\/p>\n<\/div><\/li><\/ul><div class=\"fusion-clearfix\"><\/div><\/div><\/div><div class=\"fusion-layout-column fusion_builder_column fusion-builder-column-4 fusion_builder_column_1_1 1_1 fusion-one-full fusion-column-first fusion-column-last\" style=\"--awb-bg-size:cover;--awb-margin-top:50px;--awb-margin-bottom:50px;\"><div class=\"fusion-column-wrapper fusion-column-has-shadow fusion-flex-column-wrapper-legacy\"><div class=\"fusion-image-element fusion-image-align-center in-legacy-container\" style=\"text-align:center;--awb-caption-title-font-family:var(--h2_typography-font-family);--awb-caption-title-font-weight:var(--h2_typography-font-weight);--awb-caption-title-font-style:var(--h2_typography-font-style);--awb-caption-title-size:var(--h2_typography-font-size);--awb-caption-title-transform:var(--h2_typography-text-transform);--awb-caption-title-line-height:var(--h2_typography-line-height);--awb-caption-title-letter-spacing:var(--h2_typography-letter-spacing);\"><div class=\"imageframe-align-center\"><span class=\" fusion-imageframe imageframe-none imageframe-2 hover-type-none\"><img decoding=\"async\" width=\"940\" height=\"575\" title=\"Integraci\u00f3n con aplicaciones API\" src=\"https:\/\/www.pgplanning.es\/wp-content\/uploads\/2020\/05\/integracion-pgplanning.jpg\" alt class=\"img-responsive wp-image-5798\" srcset=\"https:\/\/www.pgplanning.es\/wp-content\/uploads\/2020\/05\/integracion-pgplanning-200x122.jpg 200w, https:\/\/www.pgplanning.es\/wp-content\/uploads\/2020\/05\/integracion-pgplanning-400x245.jpg 400w, https:\/\/www.pgplanning.es\/wp-content\/uploads\/2020\/05\/integracion-pgplanning-600x367.jpg 600w, https:\/\/www.pgplanning.es\/wp-content\/uploads\/2020\/05\/integracion-pgplanning-800x489.jpg 800w, https:\/\/www.pgplanning.es\/wp-content\/uploads\/2020\/05\/integracion-pgplanning.jpg 940w\" sizes=\"(max-width: 800px) 100vw, 940px\" \/><\/span><\/div><\/div><div class=\"fusion-clearfix\"><\/div><\/div><\/div><\/div><\/div><div class=\"fusion-fullwidth fullwidth-box fusion-builder-row-3 nonhundred-percent-fullwidth non-hundred-percent-height-scrolling fusion-no-small-visibility fusion-no-medium-visibility\" style=\"--awb-border-radius-top-left:0px;--awb-border-radius-top-right:0px;--awb-border-radius-bottom-right:0px;--awb-border-radius-bottom-left:0px;--awb-padding-bottom:100px;--awb-flex-wrap:wrap;\" ><div class=\"fusion-builder-row fusion-row\"><div class=\"fusion-layout-column fusion_builder_column fusion-builder-column-5 fusion_builder_column_1_2 1_2 fusion-one-half fusion-column-first\" style=\"--awb-bg-size:cover;width:50%;width:calc(50% - ( ( 4% ) * 0.5 ) );margin-right: 4%;\"><div class=\"fusion-column-wrapper fusion-column-has-shadow fusion-flex-column-wrapper-legacy\"><div class=\"fusion-button-wrapper\"><a class=\"fusion-button button-flat button-medium button-custom fusion-button-default button-1 fusion-button-default-span fusion-button-default-type navegacion\" style=\"--button_accent_color:#495057;--button_border_color:#495057;--button_accent_hover_color:#ffffff;--button_border_hover_color:#00a8e2;--button_border_width-top:2px;--button_border_width-right:2px;--button_border_width-bottom:2px;--button_border_width-left:2px;--button_gradient_top_color:#ffffff;--button_gradient_bottom_color:#ffffff;--button_gradient_top_color_hover:#00a8e2;--button_gradient_bottom_color_hover:#00a8e2;\" target=\"_self\" href=\"https:\/\/www.pgplanning.es\/pt-pt\/?page_id=6988\"><i class=\"fa-angle-left fas awb-button__icon awb-button__icon--default button-icon-left\" aria-hidden=\"true\"><\/i><span class=\"fusion-button-text awb-button__text awb-button__text--default\">SIMULA\u00c7\u00c3O DE ESCALAS DE TRABALHO<\/span><\/a><\/div><div class=\"fusion-clearfix\"><\/div><\/div><\/div><div class=\"fusion-layout-column fusion_builder_column fusion-builder-column-6 fusion_builder_column_1_2 1_2 fusion-one-half fusion-column-last\" style=\"--awb-bg-size:cover;width:50%;width:calc(50% - ( ( 4% ) * 0.5 ) );\"><div class=\"fusion-column-wrapper fusion-column-has-shadow fusion-flex-column-wrapper-legacy\"><div class=\"fusion-button-wrapper fusion-alignright\"><a class=\"fusion-button button-flat button-medium button-custom fusion-button-default button-2 fusion-button-default-span fusion-button-default-type navegacion\" style=\"--button_accent_color:#495057;--button_border_color:#495057;--button_accent_hover_color:#ffffff;--button_border_hover_color:#00a8e2;--button_border_width-top:2px;--button_border_width-right:2px;--button_border_width-bottom:2px;--button_border_width-left:2px;--button_gradient_top_color:#ffffff;--button_gradient_bottom_color:#ffffff;--button_gradient_top_color_hover:#00a8e2;--button_gradient_bottom_color_hover:#00a8e2;\" target=\"_self\" href=\"https:\/\/www.pgplanning.es\/pt-pt\/?page_id=7004\"><span class=\"fusion-button-text awb-button__text awb-button__text--default\">EXPORTA\u00c7\u00c3O \/ IMPORTA\u00c7\u00c3O DE DADOS<\/span><i class=\"fa-angle-right fas awb-button__icon awb-button__icon--default button-icon-right\" aria-hidden=\"true\"><\/i><\/a><\/div><div class=\"fusion-clearfix\"><\/div><\/div><\/div><\/div><\/div><div class=\"fusion-fullwidth fullwidth-box fusion-builder-row-4 nonhundred-percent-fullwidth non-hundred-percent-height-scrolling fusion-no-large-visibility\" style=\"--awb-border-radius-top-left:0px;--awb-border-radius-top-right:0px;--awb-border-radius-bottom-right:0px;--awb-border-radius-bottom-left:0px;--awb-padding-bottom:100px;--awb-flex-wrap:wrap;\" ><div class=\"fusion-builder-row fusion-row\"><div class=\"fusion-layout-column fusion_builder_column fusion-builder-column-7 fusion_builder_column_1_2 1_2 fusion-one-half fusion-column-first\" style=\"--awb-bg-size:cover;width:50%;width:calc(50% - ( ( 4% ) * 0.5 ) );margin-right: 4%;\"><div class=\"fusion-column-wrapper fusion-column-has-shadow fusion-flex-column-wrapper-legacy\"><div class=\"fusion-button-wrapper fusion-aligncenter\"><a class=\"fusion-button button-flat button-medium button-custom fusion-button-default button-3 fusion-button-default-span fusion-button-default-type navegacion\" style=\"--button_accent_color:#495057;--button_border_color:#495057;--button_accent_hover_color:#ffffff;--button_border_hover_color:#00a8e2;--button_border_width-top:2px;--button_border_width-right:2px;--button_border_width-bottom:2px;--button_border_width-left:2px;--button_gradient_top_color:#ffffff;--button_gradient_bottom_color:#ffffff;--button_gradient_top_color_hover:#00a8e2;--button_gradient_bottom_color_hover:#00a8e2;\" target=\"_self\" href=\"https:\/\/www.pgplanning.es\/pt-pt\/?page_id=6988\"><i class=\"fa-angle-left fas awb-button__icon awb-button__icon--default button-icon-left\" aria-hidden=\"true\"><\/i><span class=\"fusion-button-text awb-button__text awb-button__text--default\">SIMULA\u00c7\u00c3O DE ESCALAS DE TRABALHO<\/span><\/a><\/div><div class=\"fusion-clearfix\"><\/div><\/div><\/div><div class=\"fusion-layout-column fusion_builder_column fusion-builder-column-8 fusion_builder_column_1_2 1_2 fusion-one-half fusion-column-last\" style=\"--awb-bg-size:cover;width:50%;width:calc(50% - ( ( 4% ) * 0.5 ) );\"><div class=\"fusion-column-wrapper fusion-column-has-shadow fusion-flex-column-wrapper-legacy\"><div class=\"fusion-button-wrapper fusion-aligncenter\"><a class=\"fusion-button button-flat button-medium button-custom fusion-button-default button-4 fusion-button-default-span fusion-button-default-type navegacion\" style=\"--button_accent_color:#495057;--button_border_color:#495057;--button_accent_hover_color:#ffffff;--button_border_hover_color:#00a8e2;--button_border_width-top:2px;--button_border_width-right:2px;--button_border_width-bottom:2px;--button_border_width-left:2px;--button_gradient_top_color:#ffffff;--button_gradient_bottom_color:#ffffff;--button_gradient_top_color_hover:#00a8e2;--button_gradient_bottom_color_hover:#00a8e2;\" target=\"_self\" href=\"https:\/\/www.pgplanning.es\/pt-pt\/?page_id=7004\"><span class=\"fusion-button-text awb-button__text awb-button__text--default\">EXPORTA\u00c7\u00c3O \/ IMPORTA\u00c7\u00c3O DE DADOS<\/span><i class=\"fa-angle-right fas awb-button__icon awb-button__icon--default button-icon-right\" aria-hidden=\"true\"><\/i><\/a><\/div><div class=\"fusion-clearfix\"><\/div><\/div><\/div><\/div><\/div><\/p>\n","protected":false},"excerpt":{"rendered":"","protected":false},"author":1,"featured_media":0,"parent":0,"menu_order":0,"comment_status":"closed","ping_status":"closed","template":"100-width.php","meta":{"footnotes":""},"class_list":["post-6996","page","type-page","status-publish","hentry"],"yoast_head":"<!-- This site is optimized with the Yoast SEO plugin v27.4 - https:\/\/yoast.com\/product\/yoast-seo-wordpress\/ -->\n<title>Integra\u00e7\u00e3o com aplica\u00e7\u00f5es API RESTful | PGPlanning<\/title>\n<meta name=\"description\" content=\"PGPlanning permite integra\u00e7\u00e3o com aplica\u00e7\u00f5es de API RESTful de modo a que lhe possa aceder a partir de diferentes aplica\u00e7\u00f5es corporativas: ERP, BI, RH, etc\u2026\" \/>\n<meta name=\"robots\" content=\"index, follow, max-snippet:-1, max-image-preview:large, max-video-preview:-1\" \/>\n<link rel=\"canonical\" href=\"https:\/\/www.pgplanning.es\/pt-pt\/integracao-com-aplicacoes-rh\/\" \/>\n<meta property=\"og:locale\" content=\"pt_PT\" \/>\n<meta property=\"og:type\" content=\"article\" \/>\n<meta property=\"og:title\" content=\"Integra\u00e7\u00e3o com aplica\u00e7\u00f5es API RESTful | PGPlanning\" \/>\n<meta property=\"og:description\" content=\"PGPlanning permite integra\u00e7\u00e3o com aplica\u00e7\u00f5es de API RESTful de modo a que lhe possa aceder a partir de diferentes aplica\u00e7\u00f5es corporativas: ERP, BI, RH, etc\u2026\" \/>\n<meta property=\"og:url\" content=\"https:\/\/www.pgplanning.es\/pt-pt\/integracao-com-aplicacoes-rh\/\" \/>\n<meta property=\"og:site_name\" content=\"PGPlanning\" \/>\n<meta property=\"article:publisher\" content=\"https:\/\/www.facebook.com\/pgplanning.es\" \/>\n<meta property=\"article:modified_time\" content=\"2026-02-09T08:18:50+00:00\" \/>\n<meta property=\"og:image\" content=\"https:\/\/www.pgplanning.es\/wp-content\/uploads\/2020\/06\/programa-de-cuadrantes-PGPlanning.jpg\" \/>\n\t<meta property=\"og:image:width\" content=\"600\" \/>\n\t<meta property=\"og:image:height\" content=\"314\" \/>\n\t<meta property=\"og:image:type\" content=\"image\/jpeg\" \/>\n<meta name=\"twitter:card\" content=\"summary_large_image\" \/>\n<meta name=\"twitter:site\" content=\"@PGPlanning\" \/>\n<meta name=\"twitter:label1\" content=\"Tempo estimado de leitura\" \/>\n\t<meta name=\"twitter:data1\" content=\"2 minutos\" \/>\n<script type=\"application\/ld+json\" class=\"yoast-schema-graph\">{\"@context\":\"https:\\\/\\\/schema.org\",\"@graph\":[{\"@type\":\"WebPage\",\"@id\":\"https:\\\/\\\/www.pgplanning.es\\\/pt-pt\\\/integracao-com-aplicacoes-rh\\\/\",\"url\":\"https:\\\/\\\/www.pgplanning.es\\\/pt-pt\\\/integracao-com-aplicacoes-rh\\\/\",\"name\":\"Integra\u00e7\u00e3o com aplica\u00e7\u00f5es API RESTful | PGPlanning\",\"isPartOf\":{\"@id\":\"https:\\\/\\\/www.pgplanning.es\\\/pt-pt\\\/#website\"},\"datePublished\":\"2020-05-08T08:44:29+00:00\",\"dateModified\":\"2026-02-09T08:18:50+00:00\",\"description\":\"PGPlanning permite integra\u00e7\u00e3o com aplica\u00e7\u00f5es de API RESTful de modo a que lhe possa aceder a partir de diferentes aplica\u00e7\u00f5es corporativas: ERP, BI, RH, etc\u2026\",\"breadcrumb\":{\"@id\":\"https:\\\/\\\/www.pgplanning.es\\\/pt-pt\\\/integracao-com-aplicacoes-rh\\\/#breadcrumb\"},\"inLanguage\":\"pt-PT\",\"potentialAction\":[{\"@type\":\"ReadAction\",\"target\":[\"https:\\\/\\\/www.pgplanning.es\\\/pt-pt\\\/integracao-com-aplicacoes-rh\\\/\"]}]},{\"@type\":\"BreadcrumbList\",\"@id\":\"https:\\\/\\\/www.pgplanning.es\\\/pt-pt\\\/integracao-com-aplicacoes-rh\\\/#breadcrumb\",\"itemListElement\":[{\"@type\":\"ListItem\",\"position\":1,\"name\":\"Portada\",\"item\":\"https:\\\/\\\/www.pgplanning.es\\\/pt-pt\\\/\"},{\"@type\":\"ListItem\",\"position\":2,\"name\":\"Integra\u00e7\u00e3o com aplica\u00e7\u00f5es API RESTful\"}]},{\"@type\":\"WebSite\",\"@id\":\"https:\\\/\\\/www.pgplanning.es\\\/pt-pt\\\/#website\",\"url\":\"https:\\\/\\\/www.pgplanning.es\\\/pt-pt\\\/\",\"name\":\"PGPlanning\",\"description\":\"\",\"publisher\":{\"@id\":\"https:\\\/\\\/www.pgplanning.es\\\/pt-pt\\\/#organization\"},\"potentialAction\":[{\"@type\":\"SearchAction\",\"target\":{\"@type\":\"EntryPoint\",\"urlTemplate\":\"https:\\\/\\\/www.pgplanning.es\\\/pt-pt\\\/?s={search_term_string}\"},\"query-input\":{\"@type\":\"PropertyValueSpecification\",\"valueRequired\":true,\"valueName\":\"search_term_string\"}}],\"inLanguage\":\"pt-PT\"},{\"@type\":\"Organization\",\"@id\":\"https:\\\/\\\/www.pgplanning.es\\\/pt-pt\\\/#organization\",\"name\":\"PGPlanning\",\"url\":\"https:\\\/\\\/www.pgplanning.es\\\/pt-pt\\\/\",\"logo\":{\"@type\":\"ImageObject\",\"inLanguage\":\"pt-PT\",\"@id\":\"https:\\\/\\\/www.pgplanning.es\\\/pt-pt\\\/#\\\/schema\\\/logo\\\/image\\\/\",\"url\":\"https:\\\/\\\/www.pgplanning.es\\\/wp-content\\\/uploads\\\/2020\\\/05\\\/logotipo.png\",\"contentUrl\":\"https:\\\/\\\/www.pgplanning.es\\\/wp-content\\\/uploads\\\/2020\\\/05\\\/logotipo.png\",\"width\":245,\"height\":41,\"caption\":\"PGPlanning\"},\"image\":{\"@id\":\"https:\\\/\\\/www.pgplanning.es\\\/pt-pt\\\/#\\\/schema\\\/logo\\\/image\\\/\"},\"sameAs\":[\"https:\\\/\\\/www.facebook.com\\\/pgplanning.es\",\"https:\\\/\\\/x.com\\\/PGPlanning\",\"https:\\\/\\\/www.instagram.com\\\/pgplanning.es\",\"https:\\\/\\\/www.linkedin.com\\\/company\\\/639025\",\"https:\\\/\\\/www.youtube.com\\\/user\\\/pgplanningTV\"]}]}<\/script>\n<!-- \/ Yoast SEO plugin. -->","yoast_head_json":{"title":"Integra\u00e7\u00e3o com aplica\u00e7\u00f5es API RESTful | PGPlanning","description":"PGPlanning permite integra\u00e7\u00e3o com aplica\u00e7\u00f5es de API RESTful de modo a que lhe possa aceder a partir de diferentes aplica\u00e7\u00f5es corporativas: ERP, BI, RH, etc\u2026","robots":{"index":"index","follow":"follow","max-snippet":"max-snippet:-1","max-image-preview":"max-image-preview:large","max-video-preview":"max-video-preview:-1"},"canonical":"https:\/\/www.pgplanning.es\/pt-pt\/integracao-com-aplicacoes-rh\/","og_locale":"pt_PT","og_type":"article","og_title":"Integra\u00e7\u00e3o com aplica\u00e7\u00f5es API RESTful | PGPlanning","og_description":"PGPlanning permite integra\u00e7\u00e3o com aplica\u00e7\u00f5es de API RESTful de modo a que lhe possa aceder a partir de diferentes aplica\u00e7\u00f5es corporativas: ERP, BI, RH, etc\u2026","og_url":"https:\/\/www.pgplanning.es\/pt-pt\/integracao-com-aplicacoes-rh\/","og_site_name":"PGPlanning","article_publisher":"https:\/\/www.facebook.com\/pgplanning.es","article_modified_time":"2026-02-09T08:18:50+00:00","og_image":[{"width":600,"height":314,"url":"https:\/\/www.pgplanning.es\/wp-content\/uploads\/2020\/06\/programa-de-cuadrantes-PGPlanning.jpg","type":"image\/jpeg"}],"twitter_card":"summary_large_image","twitter_site":"@PGPlanning","twitter_misc":{"Tempo estimado de leitura":"2 minutos"},"schema":{"@context":"https:\/\/schema.org","@graph":[{"@type":"WebPage","@id":"https:\/\/www.pgplanning.es\/pt-pt\/integracao-com-aplicacoes-rh\/","url":"https:\/\/www.pgplanning.es\/pt-pt\/integracao-com-aplicacoes-rh\/","name":"Integra\u00e7\u00e3o com aplica\u00e7\u00f5es API RESTful | PGPlanning","isPartOf":{"@id":"https:\/\/www.pgplanning.es\/pt-pt\/#website"},"datePublished":"2020-05-08T08:44:29+00:00","dateModified":"2026-02-09T08:18:50+00:00","description":"PGPlanning permite integra\u00e7\u00e3o com aplica\u00e7\u00f5es de API RESTful de modo a que lhe possa aceder a partir de diferentes aplica\u00e7\u00f5es corporativas: ERP, BI, RH, etc\u2026","breadcrumb":{"@id":"https:\/\/www.pgplanning.es\/pt-pt\/integracao-com-aplicacoes-rh\/#breadcrumb"},"inLanguage":"pt-PT","potentialAction":[{"@type":"ReadAction","target":["https:\/\/www.pgplanning.es\/pt-pt\/integracao-com-aplicacoes-rh\/"]}]},{"@type":"BreadcrumbList","@id":"https:\/\/www.pgplanning.es\/pt-pt\/integracao-com-aplicacoes-rh\/#breadcrumb","itemListElement":[{"@type":"ListItem","position":1,"name":"Portada","item":"https:\/\/www.pgplanning.es\/pt-pt\/"},{"@type":"ListItem","position":2,"name":"Integra\u00e7\u00e3o com aplica\u00e7\u00f5es API RESTful"}]},{"@type":"WebSite","@id":"https:\/\/www.pgplanning.es\/pt-pt\/#website","url":"https:\/\/www.pgplanning.es\/pt-pt\/","name":"PGPlanning","description":"","publisher":{"@id":"https:\/\/www.pgplanning.es\/pt-pt\/#organization"},"potentialAction":[{"@type":"SearchAction","target":{"@type":"EntryPoint","urlTemplate":"https:\/\/www.pgplanning.es\/pt-pt\/?s={search_term_string}"},"query-input":{"@type":"PropertyValueSpecification","valueRequired":true,"valueName":"search_term_string"}}],"inLanguage":"pt-PT"},{"@type":"Organization","@id":"https:\/\/www.pgplanning.es\/pt-pt\/#organization","name":"PGPlanning","url":"https:\/\/www.pgplanning.es\/pt-pt\/","logo":{"@type":"ImageObject","inLanguage":"pt-PT","@id":"https:\/\/www.pgplanning.es\/pt-pt\/#\/schema\/logo\/image\/","url":"https:\/\/www.pgplanning.es\/wp-content\/uploads\/2020\/05\/logotipo.png","contentUrl":"https:\/\/www.pgplanning.es\/wp-content\/uploads\/2020\/05\/logotipo.png","width":245,"height":41,"caption":"PGPlanning"},"image":{"@id":"https:\/\/www.pgplanning.es\/pt-pt\/#\/schema\/logo\/image\/"},"sameAs":["https:\/\/www.facebook.com\/pgplanning.es","https:\/\/x.com\/PGPlanning","https:\/\/www.instagram.com\/pgplanning.es","https:\/\/www.linkedin.com\/company\/639025","https:\/\/www.youtube.com\/user\/pgplanningTV"]}]}},"_links":{"self":[{"href":"https:\/\/www.pgplanning.es\/pt-pt\/wp-json\/wp\/v2\/pages\/6996","targetHints":{"allow":["GET"]}}],"collection":[{"href":"https:\/\/www.pgplanning.es\/pt-pt\/wp-json\/wp\/v2\/pages"}],"about":[{"href":"https:\/\/www.pgplanning.es\/pt-pt\/wp-json\/wp\/v2\/types\/page"}],"author":[{"embeddable":true,"href":"https:\/\/www.pgplanning.es\/pt-pt\/wp-json\/wp\/v2\/users\/1"}],"replies":[{"embeddable":true,"href":"https:\/\/www.pgplanning.es\/pt-pt\/wp-json\/wp\/v2\/comments?post=6996"}],"version-history":[{"count":11,"href":"https:\/\/www.pgplanning.es\/pt-pt\/wp-json\/wp\/v2\/pages\/6996\/revisions"}],"predecessor-version":[{"id":12313,"href":"https:\/\/www.pgplanning.es\/pt-pt\/wp-json\/wp\/v2\/pages\/6996\/revisions\/12313"}],"wp:attachment":[{"href":"https:\/\/www.pgplanning.es\/pt-pt\/wp-json\/wp\/v2\/media?parent=6996"}],"curies":[{"name":"wp","href":"https:\/\/api.w.org\/{rel}","templated":true}]}}